{"id":17,"date":"2015-04-28T14:15:36","date_gmt":"2015-04-28T14:15:36","guid":{"rendered":"http:\/\/malisprojekte.web.th-koeln.de\/wordpress\/?page_id=17"},"modified":"2025-06-05T13:19:52","modified_gmt":"2025-06-05T13:19:52","slug":"kontakt","status":"publish","type":"page","link":"https:\/\/malisprojekte.web.th-koeln.de\/wordpress\/kontakt\/","title":{"rendered":"Kontakt"},"content":{"rendered":"<div class=\"c1\">\n<div class=\"contact clearfix\">\n<div class=\"contact-ext\">\n<div class=\"contact clearfix\">\n<div class=\"contact-ext\">\n<h3><strong>Studiengangsleiterin<\/strong><\/h3>\n<p>Prof. Dr. Inka Tappenbeck<\/p>\n<div class=\"contact-ext-head\"><a href=\"https:\/\/malisprojekte.web.th-koeln.de\/wordpress\/wp-content\/uploads\/2020\/02\/Tappenbeck_Inka.png\"><img loading=\"lazy\" decoding=\"async\" class=\" wp-image-1016 alignleft\" src=\"https:\/\/malisprojekte.web.th-koeln.de\/wordpress\/wp-content\/uploads\/2020\/02\/Tappenbeck_Inka.png\" alt=\"\" width=\"165\" height=\"143\" \/><\/a><\/div>\n<div><\/div>\n<div><\/div>\n<div><\/div>\n<div><\/div>\n<div><\/div>\n<\/div>\n<\/div>\n<p>&nbsp;<\/p>\n<div class=\"contact clearfix\">\n<div class=\"contact-ext\">\n<p>&nbsp;<\/p>\n<p>&nbsp;<\/p>\n<p>Institut f\u00fcr Informationswissenschaft (IWS)<\/p>\n<ul>\n<li class=\"contact-ext-head\">Campus S\u00fcdstadt<br \/>\nClaudiusstra\u00dfe 1<br \/>\n50678 K\u00f6ln<\/li>\n<li class=\"contact-ext-head\">Raum 431<\/li>\n<\/ul>\n<div class=\"contact-ext-body contact-int-body\"><\/div>\n<div class=\"contact-ext-body\">\n<ul>\n<li class=\"tel\"><img decoding=\"async\" class=\"tel-icon\" src=\"https:\/\/www.fh-koeln.de\/img\/icon-contact-telefon.png\" alt=\"Telefon\" \/>+49 221-8275-3390<\/li>\n<li class=\"email\"><img decoding=\"async\" class=\"email-icon\" src=\"https:\/\/www.fh-koeln.de\/img\/icon-contact-email.jpg\" alt=\"Email\" \/>malis@f03.th-koeln.de<\/li>\n<li class=\"email\"><a class=\"link internal\" href=\"https:\/\/www.th-koeln.de\/personen\/inka.tappenbeck\/\">Zur Personenseite<\/a><\/li>\n<\/ul>\n<\/div>\n<\/div>\n<\/div>\n<h3><strong>MALIS-Organisation<\/strong><\/h3>\n<div class=\"contact-ext-head\">\n<p>Luca Berrens<\/p>\n<p>Institut f\u00fcr Informationswissenschaft (IWS)<\/p>\n<div class=\"contact-ext-body contact-int-body\">\n<ul>\n<li>Campus S\u00fcdstadt<br \/>\nClaudiusstra\u00dfe 1<br \/>\n50678 K\u00f6ln<\/li>\n<li>Raum 387<\/li>\n<\/ul>\n<\/div>\n<\/div>\n<div class=\"contact-ext-body\">\n<ul>\n<li class=\"tel\"><img decoding=\"async\" class=\"tel-icon\" src=\"https:\/\/www.fh-koeln.de\/img\/icon-contact-telefon.png\" alt=\"Telefon\" \/>+49 221-8275-3776<\/li>\n<li class=\"email\"><img decoding=\"async\" class=\"email-icon\" src=\"https:\/\/www.fh-koeln.de\/img\/icon-contact-email.jpg\" alt=\"Email\" \/>malis@f03.th-koeln.de<\/li>\n<li class=\"email\"><a href=\"https:\/\/www.th-koeln.de\/personen\/luca.berrens\/\">Zur Personenseite<\/a><\/li>\n<\/ul>\n<\/div>\n<div class=\"link-list\"><\/div>\n<\/div>\n<\/div>\n<\/div>\n<div class=\"c1\"><\/div>\n","protected":false},"excerpt":{"rendered":"<p>Studiengangsleiterin Prof. Dr. Inka Tappenbeck &nbsp; &nbsp; &nbsp; Institut f\u00fcr Informationswissenschaft (IWS) Campus S\u00fcdstadt Claudiusstra\u00dfe 1 50678 K\u00f6ln Raum 431 +49 221-8275-3390 malis@f03.th-koeln.de Zur Personenseite MALIS-Organisation Luca Berrens Institut f\u00fcr Informationswissenschaft (IWS) Campus S\u00fcdstadt Claudiusstra\u00dfe 1 50678 K\u00f6ln Raum 387 +49 221-8275-3776 malis@f03.th-koeln.de Zur Personenseite<\/p>\n","protected":false},"author":1,"featured_media":0,"parent":0,"menu_order":0,"comment_status":"closed","ping_status":"closed","template":"","meta":{"footnotes":""},"class_list":["post-17","page","type-page","status-publish","hentry"],"_links":{"self":[{"href":"https:\/\/malisprojekte.web.th-koeln.de\/wordpress\/wp-json\/wp\/v2\/pages\/17","targetHints":{"allow":["GET"]}}],"collection":[{"href":"https:\/\/malisprojekte.web.th-koeln.de\/wordpress\/wp-json\/wp\/v2\/pages"}],"about":[{"href":"https:\/\/malisprojekte.web.th-koeln.de\/wordpress\/wp-json\/wp\/v2\/types\/page"}],"author":[{"embeddable":true,"href":"https:\/\/malisprojekte.web.th-koeln.de\/wordpress\/wp-json\/wp\/v2\/users\/1"}],"replies":[{"embeddable":true,"href":"https:\/\/malisprojekte.web.th-koeln.de\/wordpress\/wp-json\/wp\/v2\/comments?post=17"}],"version-history":[{"count":23,"href":"https:\/\/malisprojekte.web.th-koeln.de\/wordpress\/wp-json\/wp\/v2\/pages\/17\/revisions"}],"predecessor-version":[{"id":2240,"href":"https:\/\/malisprojekte.web.th-koeln.de\/wordpress\/wp-json\/wp\/v2\/pages\/17\/revisions\/2240"}],"wp:attachment":[{"href":"https:\/\/malisprojekte.web.th-koeln.de\/wordpress\/wp-json\/wp\/v2\/media?parent=17"}],"curies":[{"name":"wp","href":"https:\/\/api.w.org\/{rel}","templated":true}]}}